{"id":68,"date":"2023-01-24T17:13:02","date_gmt":"2023-01-24T17:13:02","guid":{"rendered":"https:\/\/chemair.net\/?page_id=68"},"modified":"2023-02-28T17:29:47","modified_gmt":"2023-02-28T17:29:47","slug":"trabajos-realizados","status":"publish","type":"page","link":"https:\/\/chemair.net\/?page_id=68","title":{"rendered":"Trabajos realizados"},"content":{"rendered":"\n<p><strong><mark style=\"background-color:rgba(0, 0, 0, 0)\" class=\"has-inline-color has-black-color\"><a rel=\"noreferrer noopener\" href=\"https:\/\/chemair.net\/wp-admin\/post.php?post=208\" data-type=\"URL\" target=\"_blank\">C<\/a><a href=\"https:\/\/chemair.net\/?page_id=208\" data-type=\"URL\" target=\"_blank\" rel=\"noreferrer noopener\">LIMATIZACI\u00d3N EN OFICINAS<\/a><\/mark><\/strong><\/p>\n\n\n\n<figure class=\"wp-block-image size-large is-resized\"><img loading=\"lazy\" decoding=\"async\" src=\"https:\/\/chemair.net\/wp-content\/uploads\/2023\/01\/DSC_0090-1024x615.jpg\" alt=\"\" class=\"wp-image-183\" width=\"684\" height=\"410\" srcset=\"https:\/\/chemair.net\/wp-content\/uploads\/2023\/01\/DSC_0090-1024x615.jpg 1024w, https:\/\/chemair.net\/wp-content\/uploads\/2023\/01\/DSC_0090-300x180.jpg 300w, https:\/\/chemair.net\/wp-content\/uploads\/2023\/01\/DSC_0090-768x461.jpg 768w, https:\/\/chemair.net\/wp-content\/uploads\/2023\/01\/DSC_0090-1536x922.jpg 1536w, https:\/\/chemair.net\/wp-content\/uploads\/2023\/01\/DSC_0090-2048x1230.jpg 2048w\" sizes=\"auto, (max-width: 684px) 100vw, 684px\" \/><\/figure>\n\n\n\n<p class=\"has-medium-font-size\" style=\"text-decoration:underline\"><strong><a href=\"https:\/\/chemair.net\/?page_id=233\" data-type=\"URL\">VENTILACI\u00d3N<\/a><\/strong><\/p>\n\n\n\n<figure class=\"wp-block-image size-large is-resized\"><img loading=\"lazy\" decoding=\"async\" src=\"https:\/\/chemair.net\/wp-content\/uploads\/2023\/01\/ventilacion-2-1024x678.jpg\" alt=\"\" class=\"wp-image-189\" width=\"688\" height=\"455\" srcset=\"https:\/\/chemair.net\/wp-content\/uploads\/2023\/01\/ventilacion-2-1024x678.jpg 1024w, https:\/\/chemair.net\/wp-content\/uploads\/2023\/01\/ventilacion-2-300x199.jpg 300w, https:\/\/chemair.net\/wp-content\/uploads\/2023\/01\/ventilacion-2-768x508.jpg 768w, https:\/\/chemair.net\/wp-content\/uploads\/2023\/01\/ventilacion-2.jpg 1080w\" sizes=\"auto, (max-width: 688px) 100vw, 688px\" \/><\/figure>\n\n\n\n<p class=\"has-medium-font-size\" style=\"text-decoration:underline\"><strong><a href=\"https:\/\/chemair.net\/?page_id=252\">CLIMA DOM\u00c9STICO<\/a><\/strong><\/p>\n\n\n\n<figure class=\"wp-block-image size-large is-resized\"><img loading=\"lazy\" decoding=\"async\" src=\"https:\/\/chemair.net\/wp-content\/uploads\/2023\/01\/domestico-3-1024x679.jpg\" alt=\"\" class=\"wp-image-191\" width=\"688\" height=\"455\" srcset=\"https:\/\/chemair.net\/wp-content\/uploads\/2023\/01\/domestico-3-1024x679.jpg 1024w, https:\/\/chemair.net\/wp-content\/uploads\/2023\/01\/domestico-3-300x199.jpg 300w, https:\/\/chemair.net\/wp-content\/uploads\/2023\/01\/domestico-3-768x509.jpg 768w, https:\/\/chemair.net\/wp-content\/uploads\/2023\/01\/domestico-3.jpg 1080w\" sizes=\"auto, (max-width: 688px) 100vw, 688px\" \/><\/figure>\n\n\n\n<p class=\"has-medium-font-size\" style=\"text-decoration:underline\"><strong><a href=\"https:\/\/chemair.net\/?page_id=265\" data-type=\"URL\">REFORMAS DE VIVIENDAS<\/a><\/strong><\/p>\n\n\n\n<figure class=\"wp-block-image size-large\"><img loading=\"lazy\" decoding=\"async\" width=\"576\" height=\"1024\" src=\"https:\/\/chemair.net\/wp-content\/uploads\/2023\/01\/20180113_111726-576x1024.jpg\" alt=\"\" class=\"wp-image-194\" srcset=\"https:\/\/chemair.net\/wp-content\/uploads\/2023\/01\/20180113_111726-576x1024.jpg 576w, https:\/\/chemair.net\/wp-content\/uploads\/2023\/01\/20180113_111726-169x300.jpg 169w, https:\/\/chemair.net\/wp-content\/uploads\/2023\/01\/20180113_111726-768x1365.jpg 768w, https:\/\/chemair.net\/wp-content\/uploads\/2023\/01\/20180113_111726-864x1536.jpg 864w, https:\/\/chemair.net\/wp-content\/uploads\/2023\/01\/20180113_111726-1152x2048.jpg 1152w, https:\/\/chemair.net\/wp-content\/uploads\/2023\/01\/20180113_111726-1024x1820.jpg 1024w, https:\/\/chemair.net\/wp-content\/uploads\/2023\/01\/20180113_111726-scaled.jpg 1440w\" sizes=\"auto, (max-width: 576px) 100vw, 576px\" \/><\/figure>\n\n\n\n<p><\/p>\n","protected":false},"excerpt":{"rendered":"<p>CLIMATIZACI\u00d3N EN OFICINAS VENTILACI\u00d3N CLIMA DOM\u00c9STICO REFORMAS DE VIVIENDAS<\/p>\n","protected":false},"author":1,"featured_media":0,"parent":0,"menu_order":0,"comment_status":"closed","ping_status":"closed","template":"","meta":{"footnotes":""},"class_list":["post-68","page","type-page","status-publish","hentry"],"_links":{"self":[{"href":"https:\/\/chemair.net\/index.php?rest_route=\/wp\/v2\/pages\/68","targetHints":{"allow":["GET"]}}],"collection":[{"href":"https:\/\/chemair.net\/index.php?rest_route=\/wp\/v2\/pages"}],"about":[{"href":"https:\/\/chemair.net\/index.php?rest_route=\/wp\/v2\/types\/page"}],"author":[{"embeddable":true,"href":"https:\/\/chemair.net\/index.php?rest_route=\/wp\/v2\/users\/1"}],"replies":[{"embeddable":true,"href":"https:\/\/chemair.net\/index.php?rest_route=%2Fwp%2Fv2%2Fcomments&post=68"}],"version-history":[{"count":25,"href":"https:\/\/chemair.net\/index.php?rest_route=\/wp\/v2\/pages\/68\/revisions"}],"predecessor-version":[{"id":362,"href":"https:\/\/chemair.net\/index.php?rest_route=\/wp\/v2\/pages\/68\/revisions\/362"}],"wp:attachment":[{"href":"https:\/\/chemair.net\/index.php?rest_route=%2Fwp%2Fv2%2Fmedia&parent=68"}],"curies":[{"name":"wp","href":"https:\/\/api.w.org\/{rel}","templated":true}]}}