{"id":35,"date":"2023-01-24T16:53:36","date_gmt":"2023-01-24T16:53:36","guid":{"rendered":"https:\/\/chemair.net\/?page_id=35"},"modified":"2023-01-29T16:50:08","modified_gmt":"2023-01-29T16:50:08","slug":"quienes-somos","status":"publish","type":"page","link":"https:\/\/chemair.net\/?page_id=35","title":{"rendered":"\u00bfQui\u00e9nes somos?"},"content":{"rendered":"\n<p><\/p>\n\n\n\n<p>Somos una empresa instaladora de climatizaci\u00f3n que realiza proyectos tanto en nuevas instalaciones como equipos en funcionamiento realizando tareas de reparaciones y mantenimiento que son necesarios en este tipo de m\u00e1quinas de aire acondicionado y ventilaci\u00f3n.<\/p>\n\n\n\n<p>El compromiso y el buen trabajo nos ha hecho llevar en el mercado desde 2017 y queremos seguir siendo la empresa de confianza de nuestros clientes.<\/p>\n\n\n\n<p>Entre nuestros trabajos destacados est\u00e1 dotar de instalaciones de clima a bloques de vivienda en obra nueva, grandes oficinas, instalaciones de ventilaci\u00f3n, y viviendas individuales, desde una instalaci\u00f3n tipo split a una m\u00e1quina por conductos. En nuestro esp\u00edritu de satisfacer las necesidades del cliente, realizamos reformas parciales e integrales.<\/p>\n\n\n\n<p>Trabajamos con gran diversidad de marcas y productos, lo que nos permite adaptarnos a las necesidades del cliente, con una amplia gama de precios.<\/p>\n\n\n\n<p>Algunos de nuestros clientes m\u00e1s reconocidos son:<\/p>\n\n\n\n<figure class=\"wp-block-gallery has-nested-images columns-default is-cropped wp-block-gallery-1 is-layout-flex wp-block-gallery-is-layout-flex\">\n<figure class=\"wp-block-image size-large\"><img loading=\"lazy\" decoding=\"async\" width=\"441\" height=\"360\" data-id=\"137\" src=\"https:\/\/chemair.net\/wp-content\/uploads\/2023\/01\/Captevgra-2.jpg\" alt=\"\" class=\"wp-image-137\" srcset=\"https:\/\/chemair.net\/wp-content\/uploads\/2023\/01\/Captevgra-2.jpg 441w, https:\/\/chemair.net\/wp-content\/uploads\/2023\/01\/Captevgra-2-300x245.jpg 300w\" sizes=\"auto, (max-width: 441px) 100vw, 441px\" \/><\/figure>\n\n\n\n<figure class=\"wp-block-image size-large\"><img loading=\"lazy\" decoding=\"async\" width=\"539\" height=\"293\" data-id=\"135\" src=\"https:\/\/chemair.net\/wp-content\/uploads\/2023\/01\/Captudra-2.jpg\" alt=\"\" class=\"wp-image-135\" srcset=\"https:\/\/chemair.net\/wp-content\/uploads\/2023\/01\/Captudra-2.jpg 539w, https:\/\/chemair.net\/wp-content\/uploads\/2023\/01\/Captudra-2-300x163.jpg 300w\" sizes=\"auto, (max-width: 539px) 100vw, 539px\" \/><\/figure>\n\n\n\n<figure class=\"wp-block-image size-large\"><img loading=\"lazy\" decoding=\"async\" width=\"439\" height=\"227\" data-id=\"139\" src=\"https:\/\/chemair.net\/wp-content\/uploads\/2023\/01\/Captura-2.jpg\" alt=\"\" class=\"wp-image-139\" srcset=\"https:\/\/chemair.net\/wp-content\/uploads\/2023\/01\/Captura-2.jpg 439w, https:\/\/chemair.net\/wp-content\/uploads\/2023\/01\/Captura-2-300x155.jpg 300w\" sizes=\"auto, (max-width: 439px) 100vw, 439px\" \/><\/figure>\n\n\n\n<figure class=\"wp-block-image size-large\"><img loading=\"lazy\" decoding=\"async\" width=\"570\" height=\"175\" data-id=\"136\" src=\"https:\/\/chemair.net\/wp-content\/uploads\/2023\/01\/Captura2-2.jpg\" alt=\"\" class=\"wp-image-136\" srcset=\"https:\/\/chemair.net\/wp-content\/uploads\/2023\/01\/Captura2-2.jpg 570w, https:\/\/chemair.net\/wp-content\/uploads\/2023\/01\/Captura2-2-300x92.jpg 300w\" sizes=\"auto, (max-width: 570px) 100vw, 570px\" \/><\/figure>\n\n\n\n<figure class=\"wp-block-image size-large\"><img loading=\"lazy\" decoding=\"async\" width=\"558\" height=\"162\" data-id=\"138\" src=\"https:\/\/chemair.net\/wp-content\/uploads\/2023\/01\/Captura3-2.jpg\" alt=\"\" class=\"wp-image-138\" srcset=\"https:\/\/chemair.net\/wp-content\/uploads\/2023\/01\/Captura3-2.jpg 558w, https:\/\/chemair.net\/wp-content\/uploads\/2023\/01\/Captura3-2-300x87.jpg 300w\" sizes=\"auto, (max-width: 558px) 100vw, 558px\" \/><\/figure>\n\n\n\n<figure class=\"wp-block-image size-large\"><img loading=\"lazy\" decoding=\"async\" width=\"632\" height=\"189\" data-id=\"140\" src=\"https:\/\/chemair.net\/wp-content\/uploads\/2023\/01\/Captura4-2.jpg\" alt=\"\" class=\"wp-image-140\" srcset=\"https:\/\/chemair.net\/wp-content\/uploads\/2023\/01\/Captura4-2.jpg 632w, https:\/\/chemair.net\/wp-content\/uploads\/2023\/01\/Captura4-2-300x90.jpg 300w\" sizes=\"auto, (max-width: 632px) 100vw, 632px\" \/><\/figure>\n<\/figure>\n\n\n\n<figure class=\"wp-block-image size-full is-resized\"><img loading=\"lazy\" decoding=\"async\" src=\"https:\/\/chemair.net\/wp-content\/uploads\/2023\/01\/pull-1.jpg\" alt=\"\" class=\"wp-image-201\" width=\"223\" height=\"209\" srcset=\"https:\/\/chemair.net\/wp-content\/uploads\/2023\/01\/pull-1.jpg 310w, https:\/\/chemair.net\/wp-content\/uploads\/2023\/01\/pull-1-300x281.jpg 300w\" sizes=\"auto, (max-width: 223px) 100vw, 223px\" \/><\/figure>\n","protected":false},"excerpt":{"rendered":"<p>Somos una empresa instaladora de climatizaci\u00f3n que realiza proyectos tanto en nuevas instalaciones como equipos&#8230;<\/p>\n","protected":false},"author":1,"featured_media":0,"parent":0,"menu_order":0,"comment_status":"closed","ping_status":"closed","template":"","meta":{"footnotes":""},"class_list":["post-35","page","type-page","status-publish","hentry"],"_links":{"self":[{"href":"https:\/\/chemair.net\/index.php?rest_route=\/wp\/v2\/pages\/35","targetHints":{"allow":["GET"]}}],"collection":[{"href":"https:\/\/chemair.net\/index.php?rest_route=\/wp\/v2\/pages"}],"about":[{"href":"https:\/\/chemair.net\/index.php?rest_route=\/wp\/v2\/types\/page"}],"author":[{"embeddable":true,"href":"https:\/\/chemair.net\/index.php?rest_route=\/wp\/v2\/users\/1"}],"replies":[{"embeddable":true,"href":"https:\/\/chemair.net\/index.php?rest_route=%2Fwp%2Fv2%2Fcomments&post=35"}],"version-history":[{"count":12,"href":"https:\/\/chemair.net\/index.php?rest_route=\/wp\/v2\/pages\/35\/revisions"}],"predecessor-version":[{"id":202,"href":"https:\/\/chemair.net\/index.php?rest_route=\/wp\/v2\/pages\/35\/revisions\/202"}],"wp:attachment":[{"href":"https:\/\/chemair.net\/index.php?rest_route=%2Fwp%2Fv2%2Fmedia&parent=35"}],"curies":[{"name":"wp","href":"https:\/\/api.w.org\/{rel}","templated":true}]}}