{"id":34,"date":"2023-01-24T16:53:36","date_gmt":"2023-01-24T16:53:36","guid":{"rendered":"https:\/\/chemair.net\/?page_id=34"},"modified":"2023-02-12T20:04:22","modified_gmt":"2023-02-12T20:04:22","slug":"crea-tu-web-con-bloques","status":"publish","type":"page","link":"https:\/\/chemair.net\/","title":{"rendered":"CHEMAIR"},"content":{"rendered":"\n<h1 class=\"alignwide has-text-align-wide has-dark-gray-color has-text-color wp-block-heading\" style=\"font-size:25px;font-style:italic;font-weight:200;line-height:2.6;text-transform:uppercase\">ESPECIALIZADOS EN CLIMA Y VENTILACI\u00d3N<\/h1>\n\n\n\n<p>Chemair es una empresa donde trabajamos cualquier tipo de instalaci\u00f3n de clima, tanto para oficina como para vivienda; instalaci\u00f3n de ventilaci\u00f3n y reformas de viviendas, tanto parcial como total.<\/p>\n\n\n\n<div class=\"wp-block-columns is-layout-flex wp-container-core-columns-is-layout-2 wp-block-columns-is-layout-flex\">\n<div class=\"wp-block-column is-layout-flow wp-block-column-is-layout-flow\" style=\"flex-basis:100%\">\n<div class=\"wp-block-group\"><div class=\"wp-block-group__inner-container is-layout-constrained wp-block-group-is-layout-constrained\">\n<div class=\"wp-block-columns is-layout-flex wp-container-core-columns-is-layout-1 wp-block-columns-is-layout-flex\">\n<div class=\"wp-block-column is-layout-flow wp-block-column-is-layout-flow\" style=\"flex-basis:100%\">\n<figure class=\"wp-block-image size-large\"><img loading=\"lazy\" decoding=\"async\" width=\"1024\" height=\"662\" src=\"https:\/\/chemair.net\/wp-content\/uploads\/2023\/01\/oficina-1-1024x662.jpg\" alt=\"\" class=\"wp-image-165\" srcset=\"https:\/\/chemair.net\/wp-content\/uploads\/2023\/01\/oficina-1-1024x662.jpg 1024w, https:\/\/chemair.net\/wp-content\/uploads\/2023\/01\/oficina-1-300x194.jpg 300w, https:\/\/chemair.net\/wp-content\/uploads\/2023\/01\/oficina-1-768x497.jpg 768w, https:\/\/chemair.net\/wp-content\/uploads\/2023\/01\/oficina-1.jpg 1082w\" sizes=\"auto, (max-width: 1024px) 100vw, 1024px\" \/><figcaption class=\"wp-element-caption\">Instalaci\u00f3n de conductos y m\u00e1quinas en grandes oficinas<\/figcaption><\/figure>\n<\/div>\n<\/div>\n<\/div><\/div>\n<\/div>\n<\/div>\n\n\n\n<div class=\"wp-block-columns alignwide are-vertically-aligned-center is-style-twentytwentyone-columns-overlap is-layout-flex wp-container-core-columns-is-layout-3 wp-block-columns-is-layout-flex\">\n<div class=\"wp-block-column is-layout-flow wp-block-column-is-layout-flow\">\n<figure class=\"wp-block-image size-large\"><img loading=\"lazy\" decoding=\"async\" width=\"1024\" height=\"677\" src=\"https:\/\/chemair.net\/wp-content\/uploads\/2023\/01\/ventilacion-1-1024x677.jpg\" alt=\"\" class=\"wp-image-163\" srcset=\"https:\/\/chemair.net\/wp-content\/uploads\/2023\/01\/ventilacion-1-1024x677.jpg 1024w, https:\/\/chemair.net\/wp-content\/uploads\/2023\/01\/ventilacion-1-300x198.jpg 300w, https:\/\/chemair.net\/wp-content\/uploads\/2023\/01\/ventilacion-1-768x508.jpg 768w, https:\/\/chemair.net\/wp-content\/uploads\/2023\/01\/ventilacion-1.jpg 1085w\" sizes=\"auto, (max-width: 1024px) 100vw, 1024px\" \/><figcaption class=\"wp-element-caption\">Instalaci\u00f3n de ventilaci\u00f3n en EDAR de Madrid<\/figcaption><\/figure>\n<\/div>\n\n\n\n<div class=\"wp-block-column is-layout-flow wp-block-column-is-layout-flow\">\n<figure class=\"wp-block-image size-full is-resized\"><img loading=\"lazy\" decoding=\"async\" src=\"https:\/\/chemair.net\/wp-content\/uploads\/2023\/01\/clima-ofi2-1.jpg\" alt=\"\" class=\"wp-image-164\" width=\"503\" height=\"351\" srcset=\"https:\/\/chemair.net\/wp-content\/uploads\/2023\/01\/clima-ofi2-1.jpg 1025w, https:\/\/chemair.net\/wp-content\/uploads\/2023\/01\/clima-ofi2-1-300x210.jpg 300w, https:\/\/chemair.net\/wp-content\/uploads\/2023\/01\/clima-ofi2-1-768x536.jpg 768w\" sizes=\"auto, (max-width: 503px) 100vw, 503px\" \/><figcaption class=\"wp-element-caption\">Ventilaci\u00f3n en grandes oficinas<\/figcaption><\/figure>\n<\/div>\n<\/div>\n\n\n\n<div class=\"wp-block-columns is-layout-flex wp-container-core-columns-is-layout-4 wp-block-columns-is-layout-flex\">\n<div class=\"wp-block-column is-layout-flow wp-block-column-is-layout-flow\">\n<figure class=\"wp-block-image size-large is-resized\"><img loading=\"lazy\" decoding=\"async\" src=\"https:\/\/chemair.net\/wp-content\/uploads\/2023\/01\/domestico-2-1024x680.jpg\" alt=\"\" class=\"wp-image-168\" width=\"400\" height=\"265\" srcset=\"https:\/\/chemair.net\/wp-content\/uploads\/2023\/01\/domestico-2-1024x680.jpg 1024w, https:\/\/chemair.net\/wp-content\/uploads\/2023\/01\/domestico-2-300x199.jpg 300w, https:\/\/chemair.net\/wp-content\/uploads\/2023\/01\/domestico-2-768x510.jpg 768w, https:\/\/chemair.net\/wp-content\/uploads\/2023\/01\/domestico-2.jpg 1068w\" sizes=\"auto, (max-width: 400px) 100vw, 400px\" \/><figcaption class=\"wp-element-caption\">Conductos en instalaci\u00f3n dom\u00e9stica<\/figcaption><\/figure>\n<\/div>\n\n\n\n<div class=\"wp-block-column is-layout-flow wp-block-column-is-layout-flow\">\n<figure class=\"wp-block-image size-large is-resized\"><img loading=\"lazy\" decoding=\"async\" src=\"https:\/\/chemair.net\/wp-content\/uploads\/2023\/01\/vent-gim-1-1024x577.jpg\" alt=\"\" class=\"wp-image-167\" width=\"507\" height=\"285\" srcset=\"https:\/\/chemair.net\/wp-content\/uploads\/2023\/01\/vent-gim-1-1024x577.jpg 1024w, https:\/\/chemair.net\/wp-content\/uploads\/2023\/01\/vent-gim-1-300x169.jpg 300w, https:\/\/chemair.net\/wp-content\/uploads\/2023\/01\/vent-gim-1-768x433.jpg 768w, https:\/\/chemair.net\/wp-content\/uploads\/2023\/01\/vent-gim-1.jpg 1140w\" sizes=\"auto, (max-width: 507px) 100vw, 507px\" \/><figcaption class=\"wp-element-caption\">Instalaci\u00f3n vista de ventilaci\u00f3n en gimnasio<\/figcaption><\/figure>\n<\/div>\n<\/div>\n\n\n\n<div class=\"wp-block-columns is-layout-flex wp-container-core-columns-is-layout-5 wp-block-columns-is-layout-flex\">\n<div class=\"wp-block-column is-layout-flow wp-block-column-is-layout-flow\" style=\"flex-basis:100%\">\n<figure class=\"wp-block-gallery has-nested-images columns-default is-cropped wp-block-gallery-1 is-layout-flex wp-block-gallery-is-layout-flex\">\n<figure class=\"wp-block-image size-large\"><img loading=\"lazy\" decoding=\"async\" width=\"1024\" height=\"768\" src=\"https:\/\/chemair.net\/wp-content\/uploads\/2023\/01\/IMG-20180928-WA0010.jpg\" alt=\"\" class=\"wp-image-158\" srcset=\"https:\/\/chemair.net\/wp-content\/uploads\/2023\/01\/IMG-20180928-WA0010.jpg 1024w, https:\/\/chemair.net\/wp-content\/uploads\/2023\/01\/IMG-20180928-WA0010-300x225.jpg 300w, https:\/\/chemair.net\/wp-content\/uploads\/2023\/01\/IMG-20180928-WA0010-768x576.jpg 768w\" sizes=\"auto, (max-width: 1024px) 100vw, 1024px\" \/><figcaption class=\"wp-element-caption\">Reforma de ba\u00f1o<\/figcaption><\/figure>\n<\/figure>\n<\/div>\n<\/div>\n\n\n\n<div style=\"height:50px\" aria-hidden=\"true\" class=\"wp-block-spacer\"><\/div>\n\n\n\n<div class=\"wp-block-columns alignwide are-vertically-aligned-top is-layout-flex wp-container-core-columns-is-layout-6 wp-block-columns-is-layout-flex\"><\/div>\n","protected":false},"excerpt":{"rendered":"<p>ESPECIALIZADOS EN CLIMA Y VENTILACI\u00d3N Chemair es una empresa donde trabajamos cualquier tipo de instalaci\u00f3n&#8230;<\/p>\n","protected":false},"author":1,"featured_media":149,"parent":0,"menu_order":0,"comment_status":"closed","ping_status":"closed","template":"","meta":{"footnotes":""},"class_list":["post-34","page","type-page","status-publish","has-post-thumbnail","hentry"],"_links":{"self":[{"href":"https:\/\/chemair.net\/index.php?rest_route=\/wp\/v2\/pages\/34","targetHints":{"allow":["GET"]}}],"collection":[{"href":"https:\/\/chemair.net\/index.php?rest_route=\/wp\/v2\/pages"}],"about":[{"href":"https:\/\/chemair.net\/index.php?rest_route=\/wp\/v2\/types\/page"}],"author":[{"embeddable":true,"href":"https:\/\/chemair.net\/index.php?rest_route=\/wp\/v2\/users\/1"}],"replies":[{"embeddable":true,"href":"https:\/\/chemair.net\/index.php?rest_route=%2Fwp%2Fv2%2Fcomments&post=34"}],"version-history":[{"count":18,"href":"https:\/\/chemair.net\/index.php?rest_route=\/wp\/v2\/pages\/34\/revisions"}],"predecessor-version":[{"id":298,"href":"https:\/\/chemair.net\/index.php?rest_route=\/wp\/v2\/pages\/34\/revisions\/298"}],"wp:featuredmedia":[{"embeddable":true,"href":"https:\/\/chemair.net\/index.php?rest_route=\/wp\/v2\/media\/149"}],"wp:attachment":[{"href":"https:\/\/chemair.net\/index.php?rest_route=%2Fwp%2Fv2%2Fmedia&parent=34"}],"curies":[{"name":"wp","href":"https:\/\/api.w.org\/{rel}","templated":true}]}}